{"id":11850,"date":"2016-06-24T12:08:02","date_gmt":"2016-06-24T12:08:02","guid":{"rendered":"http:\/\/template.cmsmasters.net\/?page_id=11850"},"modified":"2021-08-31T01:19:55","modified_gmt":"2021-08-30T22:19:55","slug":"seja-voluntario","status":"publish","type":"page","link":"http:\/\/iris.org.br\/inicio\/seja-voluntario\/","title":{"rendered":"Seja Um Volunt\u00e1rio"},"content":{"rendered":"<div id=\"cmsmasters_row_vynylu4ff\" class=\"cmsmasters_row cmsmasters_color_scheme_default cmsmasters_row_top_default cmsmasters_row_bot_default cmsmasters_row_boxed\">\n<div class=\"cmsmasters_row_outer_parent\">\n<div class=\"cmsmasters_row_outer\">\n<div class=\"cmsmasters_row_inner\">\n<div class=\"cmsmasters_row_margin\">\n<div id=\"cmsmasters_column_3rblg3cw3d\" class=\"cmsmasters_column one_first\">\n<div class=\"cmsmasters_column_inner\">\n<div id=\"cmsmasters_divider_5trcawux65\" class=\"cl\"><\/div>\n<div id=\"cmsmasters_heading_c51pzbd3ub\" class=\"cmsmasters_heading_wrap cmsmasters_heading_align_center\">\n\t<h2 class=\"cmsmasters_heading\">Seja Um Volunt\u00e1rio<\/h2>\n<\/div>\n<\/div><\/div>\n<\/div>\n<\/div>\n<\/div>\n<\/div>\n<\/div>\n<div id=\"cmsmasters_row_k9jqzzi1mi\" class=\"cmsmasters_row cmsmasters_color_scheme_default cmsmasters_row_top_default cmsmasters_row_bot_default cmsmasters_row_boxed\">\n<div class=\"cmsmasters_row_outer_parent\">\n<div class=\"cmsmasters_row_outer\">\n<div class=\"cmsmasters_row_inner\">\n<div class=\"cmsmasters_row_margin\">\n<div id=\"cmsmasters_column_x1ravk7fs\" class=\"cmsmasters_column one_first\">\n<div class=\"cmsmasters_column_inner\"><div class=\"cmsmasters_text\">\n<p>Quando atuamos em benef\u00edcio da coletividade, toda a sociedade sai ganhando. Quando oferecemos e compartilhamos amor, ele n\u00e3o diminui; aumenta. \u00c9 pensando dessa forma que o Instituto IRIS realiza um trabalho de excel\u00eancia no aux\u00edlio \u00e0s pessoas com defici\u00eancia visual. Sabemos das dificuldades enfrentadas diariamente por essas pessoas e temos certeza de que o c\u00e3o-guia pode ser muito mais do que os olhos que podem ver \u2013 podem ser amigos e companheiros de jornada.<\/p>\n<p>E esse trabalho somente \u00e9 poss\u00edvel com a ajuda de volunt\u00e1rios. Por isso, voc\u00ea \u00e9 o nosso convidado a fazer parte dessa equipe. Utilize as suas aptid\u00f5es em aux\u00edlio ao pr\u00f3ximo; saiba que ao doar o seu tempo e talento pode nos ajudar a transformar vidas.<\/p>\n<p>O trabalho volunt\u00e1rio \u00e9 definido pela\u00a0Lei 9.608\/1998\u00a0como atividade n\u00e3o remunerada \u2013 prestada por pessoa f\u00edsica a entidade p\u00fablica de qualquer natureza \u2013, a institui\u00e7\u00e3o privada de fins n\u00e3o lucrativos, que tenha objetivos c\u00edvicos, culturais, educacionais, cient\u00edficos, recreativos ou de assist\u00eancia social, inclusive mutualidade.<\/p>\n<p class=\"tx-orange\">Preencha o formul\u00e1rio de inscri\u00e7\u00e3o e seja parte desse trabalho de inclus\u00e3o social.<\/p>\n<p>Quer ser uma FAM\u00cdLIA SOCIALIZADORA? <a href=\"https:\/\/iris.org.br\/inicio\/adocao-temporaria-de-cao-guia-para-socializacao\/\">Clique Aqui.<\/a><\/p>\n<\/div>\n<\/div><\/div>\n<\/div>\n<\/div>\n<\/div>\n<\/div>\n<\/div>\n<div id=\"cmsmasters_row_2oepgqg9ao\" class=\"cmsmasters_row cmsmasters_color_scheme_default cmsmasters_row_top_default cmsmasters_row_bot_default cmsmasters_row_boxed\">\n<div class=\"cmsmasters_row_outer_parent\">\n<div class=\"cmsmasters_row_outer\">\n<div class=\"cmsmasters_row_inner\">\n<div class=\"cmsmasters_row_margin\">\n<div id=\"cmsmasters_column_a6l4iyrfm9\" class=\"cmsmasters_column one_first\">\n<div class=\"cmsmasters_column_inner\"><div class=\"cmsmasters_text\">\n<div class=\"forminator-ui forminator-custom-form forminator-custom-form-14686 forminator-design--default  \" data-forminator-render=\"0\" data-form=\"forminator-module-14686\" data-uid=\"69ea53972f3f1\"><br\/><\/div><form\n\t\t\t\tid=\"forminator-module-14686\"\n\t\t\t\tclass=\"forminator-ui forminator-custom-form forminator-custom-form-14686 forminator-design--default  \"\n\t\t\t\tmethod=\"post\"\n\t\t\t\tdata-forminator-render=\"0\"\n\t\t\t\tdata-form-id=\"14686\"\n\t\t\t\t data-color-option=\"default\" data-design=\"default\" data-grid=\"open\" style=\"display: none;\"\n\t\t\t\tdata-uid=\"69ea53972f3f1\"\n\t\t\t><div role=\"alert\" aria-live=\"polite\" class=\"forminator-response-message forminator-error\" aria-hidden=\"true\"><\/div><div class=\"forminator-row\"><div id=\"name-1\" class=\"forminator-field-name forminator-col forminator-col-12 \"><div class=\"forminator-field\"><label for=\"forminator-field-name-1_69ea53972f3f1\" id=\"forminator-field-name-1_69ea53972f3f1-label\" class=\"forminator-label\">Nome <span class=\"forminator-required\">*<\/span><\/label><input type=\"text\" name=\"name-1\" value=\"\" placeholder=\"Nome e Sobrenome\" id=\"forminator-field-name-1_69ea53972f3f1\" class=\"forminator-input forminator-name--field\" aria-required=\"true\" autocomplete=\"name\" \/><\/div><\/div><\/div><div class=\"forminator-row\"><div id=\"phone-1\" class=\"forminator-field-phone forminator-col forminator-col-12 \"><div class=\"forminator-field\"><label for=\"forminator-field-phone-1_69ea53972f3f1\" id=\"forminator-field-phone-1_69ea53972f3f1-label\" class=\"forminator-label\">Celular <span class=\"forminator-required\">*<\/span><\/label><input type=\"text\" name=\"phone-1\" value=\"\" placeholder=\"Whatsapp \/ Telegram \/ Signal\" id=\"forminator-field-phone-1_69ea53972f3f1\" class=\"forminator-input forminator-field--phone\" data-required=\"1\" aria-required=\"true\" autocomplete=\"off\" \/><\/div><\/div><\/div><div class=\"forminator-row\"><div id=\"email-1\" class=\"forminator-field-email forminator-col forminator-col-12 \"><div class=\"forminator-field\"><label for=\"forminator-field-email-1_69ea53972f3f1\" id=\"forminator-field-email-1_69ea53972f3f1-label\" class=\"forminator-label\">Email <span class=\"forminator-required\">*<\/span><\/label><input type=\"email\" name=\"email-1\" value=\"\" placeholder=\"azxcv@doe.com.br\" id=\"forminator-field-email-1_69ea53972f3f1\" class=\"forminator-input forminator-email--field\" data-required=\"1\" aria-required=\"true\" autocomplete=\"email\" \/><\/div><\/div><\/div><div class=\"forminator-row\"><div id=\"checkbox-5\" class=\"forminator-field-checkbox forminator-col forminator-col-12 \"><div role=\"group\" class=\"forminator-field required\" aria-labelledby=\"forminator-checkbox-group-forminator-field-checkbox-5-69ea53972f3f1-label\"><span id=\"forminator-checkbox-group-forminator-field-checkbox-5-69ea53972f3f1-label\" class=\"forminator-label\">Qual \u00e1rea prefere atuar como volunt\u00e1rio? <span class=\"forminator-required\">*<\/span><\/span><label id=\"forminator-field-checkbox-5-1-69ea53972f3f1-label\" for=\"forminator-field-checkbox-5-1-69ea53972f3f1\" class=\"forminator-checkbox\" title=\"Redes Sociais\"><input type=\"checkbox\" name=\"checkbox-5[]\" value=\"redes-sociais\" id=\"forminator-field-checkbox-5-1-69ea53972f3f1\" aria-labelledby=\"forminator-field-checkbox-5-1-69ea53972f3f1-label\" data-calculation=\"0\"  \/><span class=\"forminator-checkbox-box\" aria-hidden=\"true\"><\/span><span class=\"forminator-checkbox-label\">Redes Sociais<\/span><\/label><label id=\"forminator-field-checkbox-5-2-69ea53972f3f1-label\" for=\"forminator-field-checkbox-5-2-69ea53972f3f1\" class=\"forminator-checkbox\" title=\"Marketing Digital\"><input type=\"checkbox\" name=\"checkbox-5[]\" value=\"marketing-digital\" id=\"forminator-field-checkbox-5-2-69ea53972f3f1\" aria-labelledby=\"forminator-field-checkbox-5-2-69ea53972f3f1-label\" data-calculation=\"0\"  \/><span class=\"forminator-checkbox-box\" aria-hidden=\"true\"><\/span><span class=\"forminator-checkbox-label\">Marketing Digital<\/span><\/label><label id=\"forminator-field-checkbox-5-3-69ea53972f3f1-label\" for=\"forminator-field-checkbox-5-3-69ea53972f3f1\" class=\"forminator-checkbox\" title=\"Elabora\u00e7\u00e3o e execu\u00e7\u00e3o de projetos\"><input type=\"checkbox\" name=\"checkbox-5[]\" value=\"elaborao-e-execuo-de-projetos\" id=\"forminator-field-checkbox-5-3-69ea53972f3f1\" aria-labelledby=\"forminator-field-checkbox-5-3-69ea53972f3f1-label\" data-calculation=\"0\"  \/><span class=\"forminator-checkbox-box\" aria-hidden=\"true\"><\/span><span class=\"forminator-checkbox-label\">Elabora\u00e7\u00e3o e execu\u00e7\u00e3o de projetos<\/span><\/label><label id=\"forminator-field-checkbox-5-4-69ea53972f3f1-label\" for=\"forminator-field-checkbox-5-4-69ea53972f3f1\" class=\"forminator-checkbox\" title=\"Campanhas de Arrecada\u00e7\u00e3o\"><input type=\"checkbox\" name=\"checkbox-5[]\" value=\"campanhas-de-arrecadao\" id=\"forminator-field-checkbox-5-4-69ea53972f3f1\" aria-labelledby=\"forminator-field-checkbox-5-4-69ea53972f3f1-label\" data-calculation=\"0\"  \/><span class=\"forminator-checkbox-box\" aria-hidden=\"true\"><\/span><span class=\"forminator-checkbox-label\">Campanhas de Arrecada\u00e7\u00e3o<\/span><\/label><label id=\"forminator-field-checkbox-5-5-69ea53972f3f1-label\" for=\"forminator-field-checkbox-5-5-69ea53972f3f1\" class=\"forminator-checkbox\" title=\"Veterin\u00e1ria\"><input type=\"checkbox\" name=\"checkbox-5[]\" value=\"veterinria\" id=\"forminator-field-checkbox-5-5-69ea53972f3f1\" aria-labelledby=\"forminator-field-checkbox-5-5-69ea53972f3f1-label\" data-calculation=\"0\"  \/><span class=\"forminator-checkbox-box\" aria-hidden=\"true\"><\/span><span class=\"forminator-checkbox-label\">Veterin\u00e1ria<\/span><\/label><label id=\"forminator-field-checkbox-5-6-69ea53972f3f1-label\" for=\"forminator-field-checkbox-5-6-69ea53972f3f1\" class=\"forminator-checkbox\" title=\"Eventos e feiras de divulga\u00e7\u00e3o e arrecada\u00e7\u00e3o\"><input type=\"checkbox\" name=\"checkbox-5[]\" value=\"eventos-e-feiras-de-divulgao-e-arrecadao\" id=\"forminator-field-checkbox-5-6-69ea53972f3f1\" aria-labelledby=\"forminator-field-checkbox-5-6-69ea53972f3f1-label\" data-calculation=\"0\"  \/><span class=\"forminator-checkbox-box\" aria-hidden=\"true\"><\/span><span class=\"forminator-checkbox-label\">Eventos e feiras de divulga\u00e7\u00e3o e arrecada\u00e7\u00e3o<\/span><\/label><\/div><\/div><\/div><div class=\"forminator-row\"><div id=\"gdprcheckbox-1\" class=\"forminator-field-gdprcheckbox forminator-col forminator-col-12 \"><div class=\"forminator-field\"><label for=\"forminator-field-gdprcheckbox-1_69ea53972f3f1\" id=\"forminator-field-gdprcheckbox-1_69ea53972f3f1-label\" class=\"forminator-label\">Regimento do Voluntariado <span class=\"forminator-required\">*<\/span><\/label><label for=\"forminator-field-gdprcheckbox-1_69ea53972f3f1\" class=\"forminator-checkbox\"><input type=\"checkbox\" name=\"gdprcheckbox-1\" value=\"true\" id=\"forminator-field-gdprcheckbox-1_69ea53972f3f1\" data-required=\"true\" aria-required=\"true\" \/><span class=\"forminator-checkbox-box\" aria-hidden=\"true\"><\/span><span class=\"forminator-checkbox-label\"><a href=\"https:\/\/drive.google.com\/file\/d\/1ZCrnZOKbClJWrrHvFcAA91wjkITIxVrb\/view?usp=sharing\">Sim, concordo com o Regimento do Voluntariado do Instituto IRIS.<\/a><\/span><\/label><\/div><\/div><\/div><input type=\"hidden\" name=\"referer_url\" value=\"\" \/><div class=\"forminator-row forminator-row-last\"><div class=\"forminator-col\"><div class=\"forminator-field\"><button class=\"forminator-button forminator-button-submit\">Enviar<\/button><\/div><\/div><\/div><input type=\"hidden\" id=\"forminator_nonce\" name=\"forminator_nonce\" value=\"91fb0d77a7\" \/><input type=\"hidden\" name=\"_wp_http_referer\" value=\"\/inicio\/wp-json\/wp\/v2\/pages\/11850\" \/><input type=\"hidden\" name=\"form_id\" value=\"14686\"><input type=\"hidden\" name=\"page_id\" value=\"11850\"><input type=\"hidden\" name=\"form_type\" value=\"default\"><input type=\"hidden\" name=\"current_url\" value=\"http:\/\/iris.org.br\/inicio\/seja-voluntario\/\"><input type=\"hidden\" name=\"render_id\" value=\"0\"><input type=\"hidden\" name=\"action\" value=\"forminator_submit_form_custom-forms\"><\/form>\n<\/div>\n<\/div><\/div>\n<\/div>\n<\/div>\n<\/div>\n<\/div>\n<\/div>\n\n","protected":false},"excerpt":{"rendered":"","protected":false},"author":1,"featured_media":0,"parent":0,"menu_order":0,"comment_status":"closed","ping_status":"closed","template":"","meta":{"footnotes":""},"class_list":["post-11850","page","type-page","status-publish","hentry"],"yoast_head":"<!-- This site is optimized with the Yoast SEO plugin v27.4 - https:\/\/yoast.com\/product\/yoast-seo-wordpress\/ -->\n<title>Seja Um Volunt\u00e1rio - IRIS - O Olhar que Guia Passos<\/title>\n<meta name=\"robots\" content=\"index, follow, max-snippet:-1, max-image-preview:large, max-video-preview:-1\" \/>\n<link rel=\"canonical\" href=\"http:\/\/iris.org.br\/inicio\/seja-voluntario\/\" \/>\n<meta property=\"og:locale\" content=\"pt_BR\" \/>\n<meta property=\"og:type\" content=\"article\" \/>\n<meta property=\"og:title\" content=\"Seja Um Volunt\u00e1rio - IRIS - O Olhar que Guia Passos\" \/>\n<meta property=\"og:url\" content=\"http:\/\/iris.org.br\/inicio\/seja-voluntario\/\" \/>\n<meta property=\"og:site_name\" content=\"IRIS - O Olhar que Guia Passos\" \/>\n<meta property=\"article:modified_time\" content=\"2021-08-30T22:19:55+00:00\" \/>\n<meta name=\"twitter:card\" content=\"summary_large_image\" \/>\n<meta name=\"twitter:label1\" content=\"Est. tempo de leitura\" \/>\n\t<meta name=\"twitter:data1\" content=\"3 minutos\" \/>\n<script type=\"application\/ld+json\" class=\"yoast-schema-graph\">{\"@context\":\"https:\\\/\\\/schema.org\",\"@graph\":[{\"@type\":\"WebPage\",\"@id\":\"http:\\\/\\\/iris.org.br\\\/inicio\\\/seja-voluntario\\\/\",\"url\":\"http:\\\/\\\/iris.org.br\\\/inicio\\\/seja-voluntario\\\/\",\"name\":\"Seja Um Volunt\u00e1rio - IRIS - O Olhar que Guia Passos\",\"isPartOf\":{\"@id\":\"http:\\\/\\\/iris.org.br\\\/inicio\\\/#website\"},\"datePublished\":\"2016-06-24T12:08:02+00:00\",\"dateModified\":\"2021-08-30T22:19:55+00:00\",\"breadcrumb\":{\"@id\":\"http:\\\/\\\/iris.org.br\\\/inicio\\\/seja-voluntario\\\/#breadcrumb\"},\"inLanguage\":\"pt-BR\",\"potentialAction\":[{\"@type\":\"ReadAction\",\"target\":[\"http:\\\/\\\/iris.org.br\\\/inicio\\\/seja-voluntario\\\/\"]}]},{\"@type\":\"BreadcrumbList\",\"@id\":\"http:\\\/\\\/iris.org.br\\\/inicio\\\/seja-voluntario\\\/#breadcrumb\",\"itemListElement\":[{\"@type\":\"ListItem\",\"position\":1,\"name\":\"Home\",\"item\":\"http:\\\/\\\/iris.org.br\\\/inicio\\\/\"},{\"@type\":\"ListItem\",\"position\":2,\"name\":\"Seja Um Volunt\u00e1rio\"}]},{\"@type\":\"WebSite\",\"@id\":\"http:\\\/\\\/iris.org.br\\\/inicio\\\/#website\",\"url\":\"http:\\\/\\\/iris.org.br\\\/inicio\\\/\",\"name\":\"IRIS - O Olhar que Guia Passos\",\"description\":\"Iris C\u00e3o Guia\",\"potentialAction\":[{\"@type\":\"SearchAction\",\"target\":{\"@type\":\"EntryPoint\",\"urlTemplate\":\"http:\\\/\\\/iris.org.br\\\/inicio\\\/?s={search_term_string}\"},\"query-input\":{\"@type\":\"PropertyValueSpecification\",\"valueRequired\":true,\"valueName\":\"search_term_string\"}}],\"inLanguage\":\"pt-BR\"}]}<\/script>\n<!-- \/ Yoast SEO plugin. -->","yoast_head_json":{"title":"Seja Um Volunt\u00e1rio - IRIS - O Olhar que Guia Passos","robots":{"index":"index","follow":"follow","max-snippet":"max-snippet:-1","max-image-preview":"max-image-preview:large","max-video-preview":"max-video-preview:-1"},"canonical":"http:\/\/iris.org.br\/inicio\/seja-voluntario\/","og_locale":"pt_BR","og_type":"article","og_title":"Seja Um Volunt\u00e1rio - IRIS - O Olhar que Guia Passos","og_url":"http:\/\/iris.org.br\/inicio\/seja-voluntario\/","og_site_name":"IRIS - O Olhar que Guia Passos","article_modified_time":"2021-08-30T22:19:55+00:00","twitter_card":"summary_large_image","twitter_misc":{"Est. tempo de leitura":"3 minutos"},"schema":{"@context":"https:\/\/schema.org","@graph":[{"@type":"WebPage","@id":"http:\/\/iris.org.br\/inicio\/seja-voluntario\/","url":"http:\/\/iris.org.br\/inicio\/seja-voluntario\/","name":"Seja Um Volunt\u00e1rio - IRIS - O Olhar que Guia Passos","isPartOf":{"@id":"http:\/\/iris.org.br\/inicio\/#website"},"datePublished":"2016-06-24T12:08:02+00:00","dateModified":"2021-08-30T22:19:55+00:00","breadcrumb":{"@id":"http:\/\/iris.org.br\/inicio\/seja-voluntario\/#breadcrumb"},"inLanguage":"pt-BR","potentialAction":[{"@type":"ReadAction","target":["http:\/\/iris.org.br\/inicio\/seja-voluntario\/"]}]},{"@type":"BreadcrumbList","@id":"http:\/\/iris.org.br\/inicio\/seja-voluntario\/#breadcrumb","itemListElement":[{"@type":"ListItem","position":1,"name":"Home","item":"http:\/\/iris.org.br\/inicio\/"},{"@type":"ListItem","position":2,"name":"Seja Um Volunt\u00e1rio"}]},{"@type":"WebSite","@id":"http:\/\/iris.org.br\/inicio\/#website","url":"http:\/\/iris.org.br\/inicio\/","name":"IRIS - O Olhar que Guia Passos","description":"Iris C\u00e3o Guia","potentialAction":[{"@type":"SearchAction","target":{"@type":"EntryPoint","urlTemplate":"http:\/\/iris.org.br\/inicio\/?s={search_term_string}"},"query-input":{"@type":"PropertyValueSpecification","valueRequired":true,"valueName":"search_term_string"}}],"inLanguage":"pt-BR"}]}},"_links":{"self":[{"href":"http:\/\/iris.org.br\/inicio\/wp-json\/wp\/v2\/pages\/11850","targetHints":{"allow":["GET"]}}],"collection":[{"href":"http:\/\/iris.org.br\/inicio\/wp-json\/wp\/v2\/pages"}],"about":[{"href":"http:\/\/iris.org.br\/inicio\/wp-json\/wp\/v2\/types\/page"}],"author":[{"embeddable":true,"href":"http:\/\/iris.org.br\/inicio\/wp-json\/wp\/v2\/users\/1"}],"replies":[{"embeddable":true,"href":"http:\/\/iris.org.br\/inicio\/wp-json\/wp\/v2\/comments?post=11850"}],"version-history":[{"count":8,"href":"http:\/\/iris.org.br\/inicio\/wp-json\/wp\/v2\/pages\/11850\/revisions"}],"predecessor-version":[{"id":15341,"href":"http:\/\/iris.org.br\/inicio\/wp-json\/wp\/v2\/pages\/11850\/revisions\/15341"}],"wp:attachment":[{"href":"http:\/\/iris.org.br\/inicio\/wp-json\/wp\/v2\/media?parent=11850"}],"curies":[{"name":"wp","href":"https:\/\/api.w.org\/{rel}","templated":true}]}}