{"id":14844,"date":"2021-06-04T18:04:09","date_gmt":"2021-06-04T15:04:09","guid":{"rendered":"https:\/\/iris.org.br\/inicio\/?page_id=14844"},"modified":"2021-06-17T00:33:04","modified_gmt":"2021-06-16T21:33:04","slug":"patrocinadores","status":"publish","type":"page","link":"http:\/\/iris.org.br\/inicio\/patrocinadores\/","title":{"rendered":"Patrocinadores"},"content":{"rendered":"<p><div id=\"cmsmasters_row_ln3g4jojkn\" class=\"cmsmasters_row cmsmasters_color_scheme_default cmsmasters_row_top_default cmsmasters_row_bot_default cmsmasters_row_boxed\">\n<div class=\"cmsmasters_row_outer_parent\">\n<div class=\"cmsmasters_row_outer\">\n<div class=\"cmsmasters_row_inner\">\n<div class=\"cmsmasters_row_margin\">\n<div id=\"cmsmasters_column_8uzvb37is8\" class=\"cmsmasters_column one_first\">\n<div class=\"cmsmasters_column_inner\"><\/div><\/div>\n<\/div>\n<\/div>\n<\/div>\n<\/div>\n<\/div>\n<div id=\"cmsmasters_row_trkyo7wcp4\" class=\"cmsmasters_row cmsmasters_color_scheme_default cmsmasters_row_top_default cmsmasters_row_bot_default cmsmasters_row_boxed\">\n<div class=\"cmsmasters_row_outer_parent\">\n<div class=\"cmsmasters_row_outer\">\n<div class=\"cmsmasters_row_inner\">\n<div class=\"cmsmasters_row_margin\">\n<div id=\"cmsmasters_column_bc58zu6sza\" class=\"cmsmasters_column one_first\">\n<div class=\"cmsmasters_column_inner\"><div class=\"cmsmasters_text\">\n<p>Como entidade sem fins lucrativos, o processo de implanta\u00e7\u00e3o e gest\u00e3o do projeto de c\u00e3es-guia se d\u00e1 por meio de v\u00e1rias parcerias e atividades: grupos de solidariedade; entidades renomadas de apoio; participa\u00e7\u00e3o volunt\u00e1ria; donativos individuais; e patroc\u00ednio empresarial.<\/p>\n<\/div>\n<\/div><\/div>\n<\/div>\n<\/div>\n<\/div>\n<\/div>\n<\/div>\n<div id=\"cmsmasters_row_2oepgqg9ao\" class=\"cmsmasters_row cmsmasters_color_scheme_default cmsmasters_row_top_default cmsmasters_row_bot_default cmsmasters_row_boxed\">\n<div class=\"cmsmasters_row_outer_parent\">\n<div class=\"cmsmasters_row_outer\">\n<div class=\"cmsmasters_row_inner\">\n<div class=\"cmsmasters_row_margin\">\n<div id=\"cmsmasters_column_a6l4iyrfm9\" class=\"cmsmasters_column one_first\">\n<div class=\"cmsmasters_column_inner\"><div class=\"cmsmasters_text\">\n<div class=\"forminator-ui forminator-custom-form forminator-custom-form-14843 forminator-design--default  forminator_ajax\" data-forminator-render=\"0\" data-form=\"forminator-module-14843\" data-uid=\"69ea5347b1afb\"><br\/><\/div><form\n\t\t\t\tid=\"forminator-module-14843\"\n\t\t\t\tclass=\"forminator-ui forminator-custom-form forminator-custom-form-14843 forminator-design--default  forminator_ajax\"\n\t\t\t\tmethod=\"post\"\n\t\t\t\tdata-forminator-render=\"0\"\n\t\t\t\tdata-form-id=\"14843\"\n\t\t\t\t data-color-option=\"default\" data-design=\"default\" data-grid=\"open\" style=\"display: none;\"\n\t\t\t\tdata-uid=\"69ea5347b1afb\"\n\t\t\t><div role=\"alert\" aria-live=\"polite\" class=\"forminator-response-message forminator-error\" aria-hidden=\"true\"><\/div><div class=\"forminator-row\"><div id=\"name-2\" class=\"forminator-field-name forminator-col forminator-col-12 \"><div class=\"forminator-field\"><label for=\"forminator-field-name-2_69ea5347b1afb\" id=\"forminator-field-name-2_69ea5347b1afb-label\" class=\"forminator-label\">Nome da Empresa <span class=\"forminator-required\">*<\/span><\/label><input type=\"text\" name=\"name-2\" value=\"\" placeholder=\"\" id=\"forminator-field-name-2_69ea5347b1afb\" class=\"forminator-input forminator-name--field\" aria-required=\"true\" autocomplete=\"name\" \/><\/div><\/div><\/div><div class=\"forminator-row\"><div id=\"number-1\" class=\"forminator-field-number forminator-col forminator-col-12 \"><div class=\"forminator-field\"><label for=\"forminator-field-number-1_69ea5347b1afb\" id=\"forminator-field-number-1_69ea5347b1afb-label\" class=\"forminator-label\">CNPJ (n\u00e3o utilize pontos, v\u00edrgula ou separadores. Apenas N\u00fameros.) <span class=\"forminator-required\">*<\/span><\/label><input name=\"number-1\" value=\"\" placeholder=\"XX.XXX.XXX\/XXXX-XX\" id=\"forminator-field-number-1_69ea5347b1afb\" class=\"forminator-input forminator-number--field\" inputmode=\"decimal\" data-required=\"1\" data-decimals=\"0\" aria-required=\"true\" data-inputmask=\"&#039;groupSeparator&#039;: &#039; &#039;, &#039;radixPoint&#039;: &#039;&#039;, &#039;digits&#039;: &#039;0&#039;\" \/><\/div><\/div><\/div><div class=\"forminator-row\"><div id=\"name-1\" class=\"forminator-field-name forminator-col forminator-col-12 \"><div class=\"forminator-field\"><label for=\"forminator-field-name-1_69ea5347b1afb\" id=\"forminator-field-name-1_69ea5347b1afb-label\" class=\"forminator-label\">Nome do Respons\u00e1vel <span class=\"forminator-required\">*<\/span><\/label><input type=\"text\" name=\"name-1\" value=\"\" placeholder=\"Ex: Maria Silva\" id=\"forminator-field-name-1_69ea5347b1afb\" class=\"forminator-input forminator-name--field\" aria-required=\"true\" autocomplete=\"name\" \/><\/div><\/div><\/div><div class=\"forminator-row\"><div id=\"email-1\" class=\"forminator-field-email forminator-col forminator-col-6 \"><div class=\"forminator-field\"><label for=\"forminator-field-email-1_69ea5347b1afb\" id=\"forminator-field-email-1_69ea5347b1afb-label\" class=\"forminator-label\">E-mail: <span class=\"forminator-required\">*<\/span><\/label><input type=\"email\" name=\"email-1\" value=\"\" placeholder=\"Ex: mario@mail.com\" id=\"forminator-field-email-1_69ea5347b1afb\" class=\"forminator-input forminator-email--field\" data-required=\"true\" aria-required=\"true\" autocomplete=\"email\" \/><\/div><\/div><div id=\"phone-1\" class=\"forminator-field-phone forminator-col forminator-col-6 \"><div class=\"forminator-field\"><label for=\"forminator-field-phone-1_69ea5347b1afb\" id=\"forminator-field-phone-1_69ea5347b1afb-label\" class=\"forminator-label\">Telefone <span class=\"forminator-required\">*<\/span><\/label><input type=\"text\" name=\"phone-1\" value=\"\" placeholder=\"+55 - XX- XXXXXXXXX\" id=\"forminator-field-phone-1_69ea5347b1afb\" class=\"forminator-input forminator-field--phone\" data-required=\"1\" aria-required=\"true\" autocomplete=\"off\" \/><\/div><\/div><\/div><div class=\"forminator-row\"><div id=\"textarea-1\" class=\"forminator-field-textarea forminator-col forminator-col-12 \"><div class=\"forminator-field\"><label for=\"forminator-field-textarea-1_69ea5347b1afb\" id=\"forminator-field-textarea-1_69ea5347b1afb-label\" class=\"forminator-label\">Messagem <span class=\"forminator-required\">*<\/span><\/label><textarea name=\"textarea-1\" placeholder=\"Escreva sua mensagem aqui...\" id=\"forminator-field-textarea-1_69ea5347b1afb\" class=\"forminator-textarea\" rows=\"6\" style=\"--forminator-textarea-min-height:140px;\" maxlength=\"180\" ><\/textarea><span id=\"forminator-field-textarea-1_69ea5347b1afb-description\" class=\"forminator-description\"><span data-limit=\"180\" data-type=\"characters\" data-editor=\"\">0 \/ 180<\/span><\/span><\/div><\/div><\/div><div class=\"forminator-row\"><div id=\"select-1\" class=\"forminator-field-select forminator-col forminator-col-12 \"><div class=\"forminator-field\"><label for=\"forminator-form-14843__field--select-1_69ea5347b1afb\" id=\"forminator-form-14843__field--select-1_69ea5347b1afb-label\" class=\"forminator-label\">Motivo do Contato <span class=\"forminator-required\">*<\/span><\/label><select  id=\"forminator-form-14843__field--select-1_69ea5347b1afb\" class=\"forminator-select--field forminator-select2 forminator-select2-multiple\" data-required=\"1\" name=\"select-1\" data-default-value=\"\" data-placeholder=\"Please select an option\" data-search=\"false\" data-search-placeholder=\"Please select an option\" data-checkbox=\"false\" data-allow-clear=\"false\" aria-labelledby=\"forminator-form-14843__field--select-1_69ea5347b1afb-label\"><option value=\"\"  >Please select an option<\/option><option value=\"doao-pontual\"  data-calculation=\"0\">Doa\u00e7\u00e3o Pontual<\/option><option value=\"parceria-estratgica\"  data-calculation=\"0\">Parceria estrat\u00e9gica<\/option><option value=\"apadrinhar-um-coguia\"  data-calculation=\"0\">Apadrinhar um C\u00e3o-Guia<\/option><\/select><\/div><\/div><\/div><div class=\"forminator-row\"><div id=\"name-3\" class=\"forminator-field-name forminator-col forminator-col-12 \"><div class=\"forminator-field\"><label for=\"forminator-field-name-3_69ea5347b1afb\" id=\"forminator-field-name-3_69ea5347b1afb-label\" class=\"forminator-label\">Cargo do Respons\u00e1vel <span class=\"forminator-required\">*<\/span><\/label><input type=\"text\" name=\"name-3\" value=\"\" placeholder=\"Ex: Diretor, Gerente\" id=\"forminator-field-name-3_69ea5347b1afb\" class=\"forminator-input forminator-name--field\" aria-required=\"true\" autocomplete=\"name\" \/><\/div><\/div><\/div><input type=\"hidden\" name=\"referer_url\" value=\"\" \/><div class=\"forminator-row forminator-row-last\"><div class=\"forminator-col\"><div class=\"forminator-field\"><button class=\"forminator-button forminator-button-submit\">Enviar<\/button><\/div><\/div><\/div><input type=\"hidden\" id=\"forminator_nonce\" name=\"forminator_nonce\" value=\"f6676e3ded\" \/><input type=\"hidden\" name=\"_wp_http_referer\" value=\"\/inicio\/wp-json\/wp\/v2\/pages\/14844\" \/><input type=\"hidden\" name=\"form_id\" value=\"14843\"><input type=\"hidden\" name=\"page_id\" value=\"14844\"><input type=\"hidden\" name=\"form_type\" value=\"default\"><input type=\"hidden\" name=\"current_url\" value=\"http:\/\/iris.org.br\/inicio\/patrocinadores\/\"><input type=\"hidden\" name=\"render_id\" value=\"0\"><input type=\"hidden\" name=\"action\" value=\"forminator_submit_form_custom-forms\"><\/form>\n<\/div>\n<\/div><\/div>\n<\/div>\n<\/div>\n<\/div>\n<\/div>\n<\/div>\n<\/p>","protected":false},"excerpt":{"rendered":"","protected":false},"author":1,"featured_media":0,"parent":0,"menu_order":0,"comment_status":"closed","ping_status":"closed","template":"","meta":{"footnotes":""},"class_list":["post-14844","page","type-page","status-publish","hentry"],"yoast_head":"<!-- This site is optimized with the Yoast SEO plugin v27.4 - https:\/\/yoast.com\/product\/yoast-seo-wordpress\/ -->\n<title>Patrocinadores - IRIS - O Olhar que Guia Passos<\/title>\n<meta name=\"robots\" content=\"index, follow, max-snippet:-1, max-image-preview:large, max-video-preview:-1\" \/>\n<link rel=\"canonical\" href=\"http:\/\/iris.org.br\/inicio\/patrocinadores\/\" \/>\n<meta property=\"og:locale\" content=\"pt_BR\" \/>\n<meta property=\"og:type\" content=\"article\" \/>\n<meta property=\"og:title\" content=\"[:pt]Patrocinadores[:en]Quero ter um C\u00e3o-Guia[:] - IRIS - O Olhar que Guia Passos\" \/>\n<meta property=\"og:url\" content=\"http:\/\/iris.org.br\/inicio\/patrocinadores\/\" \/>\n<meta property=\"og:site_name\" content=\"IRIS - O Olhar que Guia Passos\" \/>\n<meta property=\"article:modified_time\" content=\"2021-06-16T21:33:04+00:00\" \/>\n<meta name=\"twitter:card\" content=\"summary_large_image\" \/>\n<meta name=\"twitter:label1\" content=\"Est. tempo de leitura\" \/>\n\t<meta name=\"twitter:data1\" content=\"5 minutos\" \/>\n<script type=\"application\/ld+json\" class=\"yoast-schema-graph\">{\"@context\":\"https:\\\/\\\/schema.org\",\"@graph\":[{\"@type\":\"WebPage\",\"@id\":\"http:\\\/\\\/iris.org.br\\\/inicio\\\/patrocinadores\\\/\",\"url\":\"http:\\\/\\\/iris.org.br\\\/inicio\\\/patrocinadores\\\/\",\"name\":\"[:pt]Patrocinadores[:en]Quero ter um C\u00e3o-Guia[:] - IRIS - O Olhar que Guia Passos\",\"isPartOf\":{\"@id\":\"http:\\\/\\\/iris.org.br\\\/inicio\\\/#website\"},\"datePublished\":\"2021-06-04T15:04:09+00:00\",\"dateModified\":\"2021-06-16T21:33:04+00:00\",\"breadcrumb\":{\"@id\":\"http:\\\/\\\/iris.org.br\\\/inicio\\\/patrocinadores\\\/#breadcrumb\"},\"inLanguage\":\"pt-BR\",\"potentialAction\":[{\"@type\":\"ReadAction\",\"target\":[\"http:\\\/\\\/iris.org.br\\\/inicio\\\/patrocinadores\\\/\"]}]},{\"@type\":\"BreadcrumbList\",\"@id\":\"http:\\\/\\\/iris.org.br\\\/inicio\\\/patrocinadores\\\/#breadcrumb\",\"itemListElement\":[{\"@type\":\"ListItem\",\"position\":1,\"name\":\"Home\",\"item\":\"http:\\\/\\\/iris.org.br\\\/inicio\\\/\"},{\"@type\":\"ListItem\",\"position\":2,\"name\":\"Patrocinadores\"}]},{\"@type\":\"WebSite\",\"@id\":\"http:\\\/\\\/iris.org.br\\\/inicio\\\/#website\",\"url\":\"http:\\\/\\\/iris.org.br\\\/inicio\\\/\",\"name\":\"IRIS - O Olhar que Guia Passos\",\"description\":\"Iris C\u00e3o Guia\",\"potentialAction\":[{\"@type\":\"SearchAction\",\"target\":{\"@type\":\"EntryPoint\",\"urlTemplate\":\"http:\\\/\\\/iris.org.br\\\/inicio\\\/?s={search_term_string}\"},\"query-input\":{\"@type\":\"PropertyValueSpecification\",\"valueRequired\":true,\"valueName\":\"search_term_string\"}}],\"inLanguage\":\"pt-BR\"}]}<\/script>\n<!-- \/ Yoast SEO plugin. -->","yoast_head_json":{"title":"[:pt]Patrocinadores[:en]Quero ter um C\u00e3o-Guia[:] - IRIS - O Olhar que Guia Passos","robots":{"index":"index","follow":"follow","max-snippet":"max-snippet:-1","max-image-preview":"max-image-preview:large","max-video-preview":"max-video-preview:-1"},"canonical":"http:\/\/iris.org.br\/inicio\/patrocinadores\/","og_locale":"pt_BR","og_type":"article","og_title":"[:pt]Patrocinadores[:en]Quero ter um C\u00e3o-Guia[:] - IRIS - O Olhar que Guia Passos","og_url":"http:\/\/iris.org.br\/inicio\/patrocinadores\/","og_site_name":"IRIS - O Olhar que Guia Passos","article_modified_time":"2021-06-16T21:33:04+00:00","twitter_card":"summary_large_image","twitter_misc":{"Est. tempo de leitura":"5 minutos"},"schema":{"@context":"https:\/\/schema.org","@graph":[{"@type":"WebPage","@id":"http:\/\/iris.org.br\/inicio\/patrocinadores\/","url":"http:\/\/iris.org.br\/inicio\/patrocinadores\/","name":"[:pt]Patrocinadores[:en]Quero ter um C\u00e3o-Guia[:] - IRIS - O Olhar que Guia Passos","isPartOf":{"@id":"http:\/\/iris.org.br\/inicio\/#website"},"datePublished":"2021-06-04T15:04:09+00:00","dateModified":"2021-06-16T21:33:04+00:00","breadcrumb":{"@id":"http:\/\/iris.org.br\/inicio\/patrocinadores\/#breadcrumb"},"inLanguage":"pt-BR","potentialAction":[{"@type":"ReadAction","target":["http:\/\/iris.org.br\/inicio\/patrocinadores\/"]}]},{"@type":"BreadcrumbList","@id":"http:\/\/iris.org.br\/inicio\/patrocinadores\/#breadcrumb","itemListElement":[{"@type":"ListItem","position":1,"name":"Home","item":"http:\/\/iris.org.br\/inicio\/"},{"@type":"ListItem","position":2,"name":"Patrocinadores"}]},{"@type":"WebSite","@id":"http:\/\/iris.org.br\/inicio\/#website","url":"http:\/\/iris.org.br\/inicio\/","name":"IRIS - O Olhar que Guia Passos","description":"Iris C\u00e3o Guia","potentialAction":[{"@type":"SearchAction","target":{"@type":"EntryPoint","urlTemplate":"http:\/\/iris.org.br\/inicio\/?s={search_term_string}"},"query-input":{"@type":"PropertyValueSpecification","valueRequired":true,"valueName":"search_term_string"}}],"inLanguage":"pt-BR"}]}},"_links":{"self":[{"href":"http:\/\/iris.org.br\/inicio\/wp-json\/wp\/v2\/pages\/14844","targetHints":{"allow":["GET"]}}],"collection":[{"href":"http:\/\/iris.org.br\/inicio\/wp-json\/wp\/v2\/pages"}],"about":[{"href":"http:\/\/iris.org.br\/inicio\/wp-json\/wp\/v2\/types\/page"}],"author":[{"embeddable":true,"href":"http:\/\/iris.org.br\/inicio\/wp-json\/wp\/v2\/users\/1"}],"replies":[{"embeddable":true,"href":"http:\/\/iris.org.br\/inicio\/wp-json\/wp\/v2\/comments?post=14844"}],"version-history":[{"count":2,"href":"http:\/\/iris.org.br\/inicio\/wp-json\/wp\/v2\/pages\/14844\/revisions"}],"predecessor-version":[{"id":14846,"href":"http:\/\/iris.org.br\/inicio\/wp-json\/wp\/v2\/pages\/14844\/revisions\/14846"}],"wp:attachment":[{"href":"http:\/\/iris.org.br\/inicio\/wp-json\/wp\/v2\/media?parent=14844"}],"curies":[{"name":"wp","href":"https:\/\/api.w.org\/{rel}","templated":true}]}}