{"id":8946,"date":"2015-12-02T10:17:13","date_gmt":"2015-12-02T10:17:13","guid":{"rendered":"http:\/\/mall.cmsmasters.net\/?page_id=8946"},"modified":"2021-06-17T22:32:10","modified_gmt":"2021-06-17T19:32:10","slug":"sobre-o-iris","status":"publish","type":"page","link":"http:\/\/iris.org.br\/inicio\/sobre-o-iris\/","title":{"rendered":"Sobre o IRIS"},"content":{"rendered":"<p><div id=\"cmsmasters_row_\" class=\"cmsmasters_row cmsmasters_color_scheme_default cmsmasters_row_top_default cmsmasters_row_bot_default cmsmasters_row_boxed\">\n<div class=\"cmsmasters_row_outer_parent\">\n<div class=\"cmsmasters_row_outer\">\n<div class=\"cmsmasters_row_inner\">\n<div class=\"cmsmasters_row_margin\">\n<div id=\"cmsmasters_column_\" class=\"cmsmasters_column one_first\">\n<div class=\"cmsmasters_column_inner\"><div class=\"cmsmasters_text\">\n<p><\/p>\n<\/div>\n<\/div><\/div>\n<\/div>\n<\/div>\n<\/div>\n<\/div>\n<\/div>\n<div id=\"cmsmasters_row_unuxpjrb4t\" class=\"cmsmasters_row cmsmasters_color_scheme_default cmsmasters_row_top_default cmsmasters_row_bot_default cmsmasters_row_boxed\">\n<div class=\"cmsmasters_row_outer_parent\">\n<div class=\"cmsmasters_row_outer\">\n<div class=\"cmsmasters_row_inner\">\n<div class=\"cmsmasters_row_margin\">\n<div id=\"cmsmasters_column_mc4k7gx5ij\" class=\"cmsmasters_column one_half\">\n<div class=\"cmsmasters_column_inner\"><div id=\"cmsmasters_divider_4hxs9cs23h\" class=\"cl\"><\/div><div class=\"aligncenter\"><div class=\"cmsmasters_img  cmsmasters_image_c\"><img decoding=\"async\" src=\"http:\/\/iris.org.br\/inicio\/wp-content\/uploads\/2021\/06\/group-of-business-people-sitting-at-desk-TJBFHEV-scaled.jpg\" \/><\/div><\/div>\n<\/div><\/div>\n<div id=\"cmsmasters_column_y08h3rxmk\" class=\"cmsmasters_column one_half\">\n<div class=\"cmsmasters_column_inner\"><div id=\"cmsmasters_heading_y9rtzb4wc\" class=\"cmsmasters_heading_wrap cmsmasters_heading_align_center\">\n\t<h2 class=\"cmsmasters_heading\">O IRIS<\/h2>\n<\/div><div class=\"cmsmasters_text\">\n<p>O IRIS (Instituto de Responsabilidade e Inclus\u00e3o Social), \u00e9 uma organiza\u00e7\u00e3o sem fins lucrativos e refer\u00eancia na atua\u00e7\u00e3o em prol da inclus\u00e3o e melhor qualidade de vida para as pessoas com defici\u00eancia visual por meio do treinamento e doa\u00e7\u00e3o de c\u00e3es-guias. Fundado em 2002, o IRIS identifica, treina e doa c\u00e3es-guias para usu\u00e1rios contemplados em seu programa de doa\u00e7\u00e3o. Desde 2002, mais de 40 c\u00e3es-guias foram entregues pelo IRIS no Brasil de forma gratuita, promovendo a sociabilidade, qualidade de vida e ampliando o universo de seus beneficiados.<br \/>\nO IRIS luta em prol dos cegos juntos aos diversos \u00f3rg\u00e3os. Seu maior feito foi conquistado por sua atua\u00e7\u00e3o de advocacy (participa\u00e7\u00e3o e influ\u00eancia na constru\u00e7\u00e3o de pol\u00edticas p\u00fablicas) que culminou na aprova\u00e7\u00e3o da Lei 11.126\/2005, que garante o acesso de todo c\u00e3o-guia, devidamente treinado e identificado, em qualquer local de uso p\u00fablico.<br \/>\nO IRIS atua com base em recursos adquiridos por meio de doa\u00e7\u00f5es de pessoas f\u00edsicas e do patroc\u00ednio de empresas interessadas na causa.<\/p>\n<\/div>\n<div id=\"cmsmasters_button_k91ler6vlr\" class=\"button_wrap\"><a href=\"https:\/\/iris.org.br\/inicio\/perguntas-frequentes\/\" class=\"cmsmasters_button\"><span>Perguntas Frequentes<\/span><\/a><\/div>\n<\/div><\/div>\n<\/div>\n<\/div>\n<\/div>\n<\/div>\n<\/div>\n<div id=\"cmsmasters_row_znrs8o6xlo\" class=\"cmsmasters_row cmsmasters_color_scheme_default cmsmasters_row_top_default cmsmasters_row_bot_default cmsmasters_row_boxed\">\n<div class=\"cmsmasters_row_outer_parent\">\n<div class=\"cmsmasters_row_outer\">\n<div class=\"cmsmasters_row_inner\">\n<div class=\"cmsmasters_row_margin\">\n<div id=\"cmsmasters_column_bwhbnafa8q\" class=\"cmsmasters_column one_half\">\n<div class=\"cmsmasters_column_inner\"><div id=\"cmsmasters_heading_r52ozcfdze\" class=\"cmsmasters_heading_wrap cmsmasters_heading_align_center\">\n\t<h2 class=\"cmsmasters_heading\">O Desafio<\/h2>\n<\/div><div class=\"cmsmasters_text\">\n<p><span style=\"font-weight: 400;\">O IRIS (Instituto de Responsabilidade e Inclus\u00e3o Social), \u00e9 uma organiza\u00e7\u00e3o sem fins lucrativos e refer\u00eancia na atua\u00e7\u00e3o em prol da inclus\u00e3o e melhor qualidade de vida para as pessoas com defici\u00eancia visual por meio do treinamento e doa\u00e7\u00e3o de c\u00e3es guias. Fundado em 2002, o IRIS identifica, treina e doa c\u00e3es guias para deficientes visuais contemplados em seu programa de doa\u00e7\u00e3o. Desde 2002, mais de 40 c\u00e3es guias foram entregues pelo IRIS para deficientes visuais no Brasil de forma gratuita, promovendo a sociabilidade, qualidade de vida e ampliando o universo do deficiente visual.\u00a0<\/span><\/p>\n<\/div>\n<div id=\"cmsmasters_divider_eop48dy61c\" class=\"cl\"><\/div>\n<div id=\"cmsmasters_button_whclnokv\" class=\"button_wrap\"><a href=\"https:\/\/iris.org.br\/inicio\/seja-voluntario\/\" class=\"cmsmasters_button\"><span>Seja Um Volunt\u00e1rio<\/span><\/a><\/div>\n<\/div><\/div>\n<div id=\"cmsmasters_column_4sudg7y4ts\" class=\"cmsmasters_column one_half\">\n<div class=\"cmsmasters_column_inner\">\n<div id=\"cmsmasters_divider_vxzq9hlm4\" class=\"cl\"><\/div>\n<div class=\"cmsmasters_img  cmsmasters_image_n\"><img decoding=\"async\" src=\"http:\/\/iris.org.br\/inicio\/wp-content\/uploads\/2018\/03\/longa-dia-do-cao-guia.jpeg\" \/><\/div>\n<\/div><\/div>\n<\/div>\n<\/div>\n<\/div>\n<\/div>\n<\/div>\n<div id=\"cmsmasters_row_32gl3xe0qr\" class=\"cmsmasters_row cmsmasters_color_scheme_default cmsmasters_row_top_default cmsmasters_row_bot_default cmsmasters_row_boxed\">\n<div class=\"cmsmasters_row_outer_parent\">\n<div class=\"cmsmasters_row_outer\">\n<div class=\"cmsmasters_row_inner\">\n<div class=\"cmsmasters_row_margin\">\n<div id=\"cmsmasters_column_0m1f02qb5v\" class=\"cmsmasters_column one_half\">\n<div class=\"cmsmasters_column_inner\"><div class=\"aligncenter\"><div class=\"cmsmasters_img  cmsmasters_image_c\"><img decoding=\"async\" src=\"http:\/\/iris.org.br\/inicio\/wp-content\/uploads\/2021\/06\/poor-male-beggar-asking-for-charity-money-and-help-PCNTSB6-scaled.jpg\" \/><\/div><\/div>\n<\/div><\/div>\n<div id=\"cmsmasters_column_rx9a973yoc\" class=\"cmsmasters_column one_half\">\n<div class=\"cmsmasters_column_inner\">\n<div id=\"cmsmasters_divider_umcm82yy5g\" class=\"cl\"><\/div>\n<div id=\"cmsmasters_heading_ql78y88bbt\" class=\"cmsmasters_heading_wrap cmsmasters_heading_align_center\">\n\t<h2 class=\"cmsmasters_heading\">A Recompensa<\/h2>\n<\/div><div class=\"cmsmasters_text\">\n<p><span style=\"font-weight: 400;\">O IRIS luta em prol do deficiente visual juntos aos diversos \u00f3rg\u00e3os e, seu maior feito foi conquistado por sua atua\u00e7\u00e3o de <\/span><i><span style=\"font-weight: 400;\">advocacy<\/span><\/i><span style=\"font-weight: 400;\"> (participa\u00e7\u00e3o e influ\u00eancia na constru\u00e7\u00e3o de pol\u00edticas p\u00fablicas) que culminou na aprova\u00e7\u00e3o da Lei 11.126\/2005, que garante o acesso de todo c\u00e3o-guia, devidamente treinado e identificado, em qualquer local de uso p\u00fablico.<\/span><\/p>\n<\/div>\n<div id=\"cmsmasters_divider_8f0zhn2jh\" class=\"cl\"><\/div>\n<div id=\"cmsmasters_button_lgvccrsyfv\" class=\"button_wrap\"><a href=\"https:\/\/iris.org.br\/inicio\/doacoes\/\" class=\"cmsmasters_button\"><span>Contribua<\/span><\/a><\/div>\n<div class=\"cmsmasters_img  cmsmasters_image_n\"><img decoding=\"async\" src=\"\" \/><\/div>\n<\/div><\/div>\n<\/div>\n<\/div>\n<\/div>\n<\/div>\n<\/div>\n<div id=\"cmsmasters_row_t4lyxaavd\" class=\"cmsmasters_row cmsmasters_color_scheme_default cmsmasters_row_top_default cmsmasters_row_bot_default cmsmasters_row_boxed\">\n<div class=\"cmsmasters_row_outer_parent\">\n<div class=\"cmsmasters_row_outer\">\n<div class=\"cmsmasters_row_inner\">\n<div class=\"cmsmasters_row_margin\">\n<div id=\"cmsmasters_column_rjbh8qox3o\" class=\"cmsmasters_column one_first\">\n<div class=\"cmsmasters_column_inner\"><div id=\"cmsmasters_heading_7ti6dzp05a\" class=\"cmsmasters_heading_wrap cmsmasters_heading_align_center\">\n\t<h2 class=\"cmsmasters_heading\">Nossa Equipe<\/h2>\n<\/div>\n<\/div><\/div>\n<\/div>\n<\/div>\n<\/div>\n<\/div>\n<\/div>\n<div id=\"cmsmasters_row_xte50g7gqh\" class=\"cmsmasters_row cmsmasters_color_scheme_default cmsmasters_row_top_default cmsmasters_row_bot_default cmsmasters_row_boxed\">\n<div class=\"cmsmasters_row_outer_parent\">\n<div class=\"cmsmasters_row_outer\">\n<div class=\"cmsmasters_row_inner\">\n<div class=\"cmsmasters_row_margin\">\n<div id=\"cmsmasters_column_8wdks0rq6i\" class=\"cmsmasters_column one_first\">\n<div class=\"cmsmasters_column_inner\">\n<div id=\"69ea5026f2762\" class=\"cmsmasters_profile horizontal\">\n<!-- Start Profile Horizontal Article -->\r\n<article id=\"post-11021\" class=\"cmsmasters_profile_horizontal one_fourth style_1 post-11021 profile type-profile status-publish has-post-thumbnail hentry pl-categs-fundador\">\r\n\t<div class=\"profile_outer\">\r\n\t<div class=\"cmsmasters_profile_img_wrap enable_thumbnail\"><figure class=\"cmsmasters_img_wrap\"><img loading=\"lazy\" decoding=\"async\" width=\"580\" height=\"580\" src=\"http:\/\/iris.org.br\/inicio\/wp-content\/uploads\/2016\/06\/WhatsApp-Image-2021-06-17-at-14.37.22-580x580.jpeg\" class=\" wp-post-image\" alt=\"Jos\u00e9 dos Santos Filho\" title=\"WhatsApp Image 2021-06-17 at 14.37.22\" srcset=\"http:\/\/iris.org.br\/inicio\/wp-content\/uploads\/2016\/06\/WhatsApp-Image-2021-06-17-at-14.37.22-580x580.jpeg 580w, http:\/\/iris.org.br\/inicio\/wp-content\/uploads\/2016\/06\/WhatsApp-Image-2021-06-17-at-14.37.22-300x300.jpeg 300w, http:\/\/iris.org.br\/inicio\/wp-content\/uploads\/2016\/06\/WhatsApp-Image-2021-06-17-at-14.37.22-150x150.jpeg 150w, http:\/\/iris.org.br\/inicio\/wp-content\/uploads\/2016\/06\/WhatsApp-Image-2021-06-17-at-14.37.22-60x60.jpeg 60w, http:\/\/iris.org.br\/inicio\/wp-content\/uploads\/2016\/06\/WhatsApp-Image-2021-06-17-at-14.37.22-500x500.jpeg 500w, http:\/\/iris.org.br\/inicio\/wp-content\/uploads\/2016\/06\/WhatsApp-Image-2021-06-17-at-14.37.22-540x540.jpeg 540w, http:\/\/iris.org.br\/inicio\/wp-content\/uploads\/2016\/06\/WhatsApp-Image-2021-06-17-at-14.37.22-100x100.jpeg 100w, http:\/\/iris.org.br\/inicio\/wp-content\/uploads\/2016\/06\/WhatsApp-Image-2021-06-17-at-14.37.22.jpeg 595w\" sizes=\"auto, (max-width: 580px) 100vw, 580px\" \/><\/figure><div class=\"cmsmasters_profile_heading_wrap\"><header class=\"cmsmasters_profile_header entry-header\"><h4 class=\"cmsmasters_profile_title entry-title\"><a href=\"http:\/\/iris.org.br\/inicio\/profile\/jose-santos-filho\/\">Jos\u00e9 dos Santos Filho<\/a><\/h4><h6 class=\"cmsmasters_profile_subtitle\">Fundador<\/h6><\/header><div class=\"profile_social_icons\"><ul class=\"profile_social_icons_list\"><li><a href=\"#\" class=\"cmsmasters_social_icon cmsmasters_social_icon_chwnb32sa_1 cmsmasters-icon-twitter\" title=\"\"><\/a><\/li><li><a href=\"#\" class=\"cmsmasters_social_icon cmsmasters_social_icon_chwnb32sa_2 cmsmasters-icon-facebook\" title=\"\"><\/a><\/li><li><a href=\"#\" class=\"cmsmasters_social_icon cmsmasters_social_icon_chwnb32sa_3 cmsmasters-icon-google\" title=\"\"><\/a><\/li><li><a href=\"#\" class=\"cmsmasters_social_icon cmsmasters_social_icon_chwnb32sa_4 cmsmasters-icon-youtube\" title=\"\"><\/a><\/li><\/ul><\/div><\/div><\/div><div class=\"profile_inner\"><\/div>\t<\/div>\r\n<\/article>\r\n<!-- Finish Profile Horizontal Article -->\r\n\r\n<!-- Start Profile Horizontal Article -->\r\n<article id=\"post-11023\" class=\"cmsmasters_profile_horizontal one_fourth style_1 post-11023 profile type-profile status-publish has-post-thumbnail hentry pl-categs-co-fundadora\">\r\n\t<div class=\"profile_outer\">\r\n\t<div class=\"cmsmasters_profile_img_wrap enable_thumbnail\"><figure class=\"cmsmasters_img_wrap\"><img loading=\"lazy\" decoding=\"async\" width=\"309\" height=\"309\" src=\"http:\/\/iris.org.br\/inicio\/wp-content\/uploads\/2021\/06\/eureka-comic-13-e1623957917628.jpeg\" class=\" wp-post-image\" alt=\"Fernanda Fai\u00e3o Flores\" title=\"eureka comic - 13\" srcset=\"http:\/\/iris.org.br\/inicio\/wp-content\/uploads\/2021\/06\/eureka-comic-13-e1623957917628.jpeg 309w, http:\/\/iris.org.br\/inicio\/wp-content\/uploads\/2021\/06\/eureka-comic-13-e1623957917628-300x300.jpeg 300w, http:\/\/iris.org.br\/inicio\/wp-content\/uploads\/2021\/06\/eureka-comic-13-e1623957917628-150x150.jpeg 150w, http:\/\/iris.org.br\/inicio\/wp-content\/uploads\/2021\/06\/eureka-comic-13-e1623957917628-60x60.jpeg 60w, http:\/\/iris.org.br\/inicio\/wp-content\/uploads\/2021\/06\/eureka-comic-13-e1623957917628-100x100.jpeg 100w\" sizes=\"auto, (max-width: 309px) 100vw, 309px\" \/><\/figure><div class=\"cmsmasters_profile_heading_wrap\"><header class=\"cmsmasters_profile_header entry-header\"><h4 class=\"cmsmasters_profile_title entry-title\"><a href=\"http:\/\/iris.org.br\/inicio\/profile\/fernanda-flores\/\">Fernanda Fai\u00e3o Flores<\/a><\/h4><h6 class=\"cmsmasters_profile_subtitle\">Fundadora<\/h6><\/header><div class=\"profile_social_icons\"><ul class=\"profile_social_icons_list\"><li><a href=\"#\" class=\"cmsmasters_social_icon cmsmasters_social_icon_chwnb32sa_1 cmsmasters-icon-twitter\" title=\"\"><\/a><\/li><li><a href=\"#\" class=\"cmsmasters_social_icon cmsmasters_social_icon_chwnb32sa_2 cmsmasters-icon-facebook-1\" title=\"\"><\/a><\/li><li><a href=\"#\" class=\"cmsmasters_social_icon cmsmasters_social_icon_chwnb32sa_3 cmsmasters-icon-google\" title=\"\"><\/a><\/li><li><a href=\"#\" class=\"cmsmasters_social_icon cmsmasters_social_icon_chwnb32sa_4 cmsmasters-icon-youtube\" title=\"\"><\/a><\/li><\/ul><\/div><\/div><\/div><div class=\"profile_inner\"><\/div>\t<\/div>\r\n<\/article>\r\n<!-- Finish Profile Horizontal Article -->\r\n\r\n<!-- Start Profile Horizontal Article -->\r\n<article id=\"post-11025\" class=\"cmsmasters_profile_horizontal one_fourth style_1 post-11025 profile type-profile status-publish has-post-thumbnail hentry pl-categs-co-fundador\">\r\n\t<div class=\"profile_outer\">\r\n\t<div class=\"cmsmasters_profile_img_wrap enable_thumbnail\"><figure class=\"cmsmasters_img_wrap\"><img loading=\"lazy\" decoding=\"async\" width=\"580\" height=\"558\" src=\"http:\/\/iris.org.br\/inicio\/wp-content\/uploads\/2016\/06\/WhatsApp-Image-2021-06-15-at-19.30.43-580x558.jpeg\" class=\" wp-post-image\" alt=\"S\u00e9rgio Wontroba\" title=\"WhatsApp Image 2021-06-15 at 19.30.43\" srcset=\"http:\/\/iris.org.br\/inicio\/wp-content\/uploads\/2016\/06\/WhatsApp-Image-2021-06-15-at-19.30.43-580x558.jpeg 580w, http:\/\/iris.org.br\/inicio\/wp-content\/uploads\/2016\/06\/WhatsApp-Image-2021-06-15-at-19.30.43-300x288.jpeg 300w, http:\/\/iris.org.br\/inicio\/wp-content\/uploads\/2016\/06\/WhatsApp-Image-2021-06-15-at-19.30.43-768x738.jpeg 768w, http:\/\/iris.org.br\/inicio\/wp-content\/uploads\/2016\/06\/WhatsApp-Image-2021-06-15-at-19.30.43-600x577.jpeg 600w, http:\/\/iris.org.br\/inicio\/wp-content\/uploads\/2016\/06\/WhatsApp-Image-2021-06-15-at-19.30.43.jpeg 828w\" sizes=\"auto, (max-width: 580px) 100vw, 580px\" \/><\/figure><div class=\"cmsmasters_profile_heading_wrap\"><header class=\"cmsmasters_profile_header entry-header\"><h4 class=\"cmsmasters_profile_title entry-title\"><a href=\"http:\/\/iris.org.br\/inicio\/profile\/sergio-wontroba\/\">S\u00e9rgio Wontroba<\/a><\/h4><h6 class=\"cmsmasters_profile_subtitle\">Founder <\/h6><\/header><div class=\"profile_social_icons\"><ul class=\"profile_social_icons_list\"><li><a href=\"#\" class=\"cmsmasters_social_icon cmsmasters_social_icon_chwnb32sa_1 cmsmasters-icon-twitter\" title=\"\"><\/a><\/li><li><a href=\"#\" class=\"cmsmasters_social_icon cmsmasters_social_icon_chwnb32sa_2 cmsmasters-icon-facebook\" title=\"\"><\/a><\/li><li><a href=\"#\" class=\"cmsmasters_social_icon cmsmasters_social_icon_chwnb32sa_3 cmsmasters-icon-google\" title=\"\"><\/a><\/li><li><a href=\"#\" class=\"cmsmasters_social_icon cmsmasters_social_icon_chwnb32sa_4 cmsmasters-icon-youtube\" title=\"\"><\/a><\/li><\/ul><\/div><\/div><\/div><div class=\"profile_inner\"><\/div>\t<\/div>\r\n<\/article>\r\n<!-- Finish Profile Horizontal Article -->\r\n\r\n<\/div>\n<\/div><\/div>\n<\/div>\n<\/div>\n<\/div>\n<\/div>\n<\/div>\n<\/p>","protected":false},"excerpt":{"rendered":"","protected":false},"author":1,"featured_media":0,"parent":0,"menu_order":0,"comment_status":"closed","ping_status":"closed","template":"","meta":{"footnotes":""},"class_list":["post-8946","page","type-page","status-publish","hentry"],"yoast_head":"<!-- This site is optimized with the Yoast SEO plugin v27.4 - https:\/\/yoast.com\/product\/yoast-seo-wordpress\/ -->\n<title>Sobre o IRIS - IRIS - O Olhar que Guia Passos<\/title>\n<meta name=\"robots\" content=\"index, follow, max-snippet:-1, max-image-preview:large, max-video-preview:-1\" \/>\n<link rel=\"canonical\" href=\"http:\/\/iris.org.br\/inicio\/sobre-o-iris\/\" \/>\n<meta property=\"og:locale\" content=\"pt_BR\" \/>\n<meta property=\"og:type\" content=\"article\" \/>\n<meta property=\"og:title\" content=\"Sobre o IRIS - IRIS - O Olhar que Guia Passos\" \/>\n<meta property=\"og:url\" content=\"http:\/\/iris.org.br\/inicio\/sobre-o-iris\/\" \/>\n<meta property=\"og:site_name\" content=\"IRIS - O Olhar que Guia Passos\" \/>\n<meta property=\"article:modified_time\" content=\"2021-06-17T19:32:10+00:00\" \/>\n<meta name=\"twitter:card\" content=\"summary_large_image\" \/>\n<meta name=\"twitter:label1\" content=\"Est. tempo de leitura\" \/>\n\t<meta name=\"twitter:data1\" content=\"3 minutos\" \/>\n<script type=\"application\/ld+json\" class=\"yoast-schema-graph\">{\"@context\":\"https:\\\/\\\/schema.org\",\"@graph\":[{\"@type\":\"WebPage\",\"@id\":\"http:\\\/\\\/iris.org.br\\\/inicio\\\/sobre-o-iris\\\/\",\"url\":\"http:\\\/\\\/iris.org.br\\\/inicio\\\/sobre-o-iris\\\/\",\"name\":\"Sobre o IRIS - IRIS - O Olhar que Guia Passos\",\"isPartOf\":{\"@id\":\"http:\\\/\\\/iris.org.br\\\/inicio\\\/#website\"},\"datePublished\":\"2015-12-02T10:17:13+00:00\",\"dateModified\":\"2021-06-17T19:32:10+00:00\",\"breadcrumb\":{\"@id\":\"http:\\\/\\\/iris.org.br\\\/inicio\\\/sobre-o-iris\\\/#breadcrumb\"},\"inLanguage\":\"pt-BR\",\"potentialAction\":[{\"@type\":\"ReadAction\",\"target\":[\"http:\\\/\\\/iris.org.br\\\/inicio\\\/sobre-o-iris\\\/\"]}]},{\"@type\":\"BreadcrumbList\",\"@id\":\"http:\\\/\\\/iris.org.br\\\/inicio\\\/sobre-o-iris\\\/#breadcrumb\",\"itemListElement\":[{\"@type\":\"ListItem\",\"position\":1,\"name\":\"Home\",\"item\":\"http:\\\/\\\/iris.org.br\\\/inicio\\\/\"},{\"@type\":\"ListItem\",\"position\":2,\"name\":\"Sobre o IRIS\"}]},{\"@type\":\"WebSite\",\"@id\":\"http:\\\/\\\/iris.org.br\\\/inicio\\\/#website\",\"url\":\"http:\\\/\\\/iris.org.br\\\/inicio\\\/\",\"name\":\"IRIS - O Olhar que Guia Passos\",\"description\":\"Iris C\u00e3o Guia\",\"potentialAction\":[{\"@type\":\"SearchAction\",\"target\":{\"@type\":\"EntryPoint\",\"urlTemplate\":\"http:\\\/\\\/iris.org.br\\\/inicio\\\/?s={search_term_string}\"},\"query-input\":{\"@type\":\"PropertyValueSpecification\",\"valueRequired\":true,\"valueName\":\"search_term_string\"}}],\"inLanguage\":\"pt-BR\"}]}<\/script>\n<!-- \/ Yoast SEO plugin. -->","yoast_head_json":{"title":"Sobre o IRIS - IRIS - O Olhar que Guia Passos","robots":{"index":"index","follow":"follow","max-snippet":"max-snippet:-1","max-image-preview":"max-image-preview:large","max-video-preview":"max-video-preview:-1"},"canonical":"http:\/\/iris.org.br\/inicio\/sobre-o-iris\/","og_locale":"pt_BR","og_type":"article","og_title":"Sobre o IRIS - IRIS - O Olhar que Guia Passos","og_url":"http:\/\/iris.org.br\/inicio\/sobre-o-iris\/","og_site_name":"IRIS - O Olhar que Guia Passos","article_modified_time":"2021-06-17T19:32:10+00:00","twitter_card":"summary_large_image","twitter_misc":{"Est. tempo de leitura":"3 minutos"},"schema":{"@context":"https:\/\/schema.org","@graph":[{"@type":"WebPage","@id":"http:\/\/iris.org.br\/inicio\/sobre-o-iris\/","url":"http:\/\/iris.org.br\/inicio\/sobre-o-iris\/","name":"Sobre o IRIS - IRIS - O Olhar que Guia Passos","isPartOf":{"@id":"http:\/\/iris.org.br\/inicio\/#website"},"datePublished":"2015-12-02T10:17:13+00:00","dateModified":"2021-06-17T19:32:10+00:00","breadcrumb":{"@id":"http:\/\/iris.org.br\/inicio\/sobre-o-iris\/#breadcrumb"},"inLanguage":"pt-BR","potentialAction":[{"@type":"ReadAction","target":["http:\/\/iris.org.br\/inicio\/sobre-o-iris\/"]}]},{"@type":"BreadcrumbList","@id":"http:\/\/iris.org.br\/inicio\/sobre-o-iris\/#breadcrumb","itemListElement":[{"@type":"ListItem","position":1,"name":"Home","item":"http:\/\/iris.org.br\/inicio\/"},{"@type":"ListItem","position":2,"name":"Sobre o IRIS"}]},{"@type":"WebSite","@id":"http:\/\/iris.org.br\/inicio\/#website","url":"http:\/\/iris.org.br\/inicio\/","name":"IRIS - O Olhar que Guia Passos","description":"Iris C\u00e3o Guia","potentialAction":[{"@type":"SearchAction","target":{"@type":"EntryPoint","urlTemplate":"http:\/\/iris.org.br\/inicio\/?s={search_term_string}"},"query-input":{"@type":"PropertyValueSpecification","valueRequired":true,"valueName":"search_term_string"}}],"inLanguage":"pt-BR"}]}},"_links":{"self":[{"href":"http:\/\/iris.org.br\/inicio\/wp-json\/wp\/v2\/pages\/8946","targetHints":{"allow":["GET"]}}],"collection":[{"href":"http:\/\/iris.org.br\/inicio\/wp-json\/wp\/v2\/pages"}],"about":[{"href":"http:\/\/iris.org.br\/inicio\/wp-json\/wp\/v2\/types\/page"}],"author":[{"embeddable":true,"href":"http:\/\/iris.org.br\/inicio\/wp-json\/wp\/v2\/users\/1"}],"replies":[{"embeddable":true,"href":"http:\/\/iris.org.br\/inicio\/wp-json\/wp\/v2\/comments?post=8946"}],"version-history":[{"count":50,"href":"http:\/\/iris.org.br\/inicio\/wp-json\/wp\/v2\/pages\/8946\/revisions"}],"predecessor-version":[{"id":15278,"href":"http:\/\/iris.org.br\/inicio\/wp-json\/wp\/v2\/pages\/8946\/revisions\/15278"}],"wp:attachment":[{"href":"http:\/\/iris.org.br\/inicio\/wp-json\/wp\/v2\/media?parent=8946"}],"curies":[{"name":"wp","href":"https:\/\/api.w.org\/{rel}","templated":true}]}}